{"id":4132,"date":"2020-06-03T15:32:07","date_gmt":"2020-06-03T14:32:07","guid":{"rendered":"http:\/\/www.francamente2.com\/?page_id=4132"},"modified":"2020-06-03T15:32:07","modified_gmt":"2020-06-03T14:32:07","slug":"on-recommence-enfin-a-parler-de-sortir-litalie-de-leuro-dans-la-periode-du-coronavirus-et-de-rouvrir-le-probleme-du-parti-laic-catholique-apres-lecervelee-diaspore-des-chretiens-a-soutien-des","status":"publish","type":"page","link":"https:\/\/www.francamente2.com\/?page_id=4132","title":{"rendered":"On recommence enfin \u00e0 parler de sortir l&rsquo;Italie de l&rsquo;Euro, dans la p\u00e9riode du coronavirus. Et de rouvrir le probl\u00e8me du parti la\u00efc catholique apr\u00e8s l&rsquo;\u00e9cervel\u00e9e diaspore des chr\u00e9tiens \u00e0 soutien des partis bourgeois plus ou moins gnostiques. Entretemps, l&rsquo;horrible id\u00e9ologie despotique mondialiste continue \u00e0 avancer aupr\u00e8s des masses toujours plus subordonn\u00e9es dans leur damnation, aussi dans une Eglise h\u00e9r\u00e9tique si bien en intermittence !"},"content":{"rendered":"<p><strong><em>On reparle de sortir de l&rsquo;Euro en Italie. La seule possibilit\u00e9 de se faire respecter en Europe est celle de menacer non le d\u00e9mentiel italexit mais l&rsquo;abandon de sa monnaie pour vraiment r\u00e9former l&rsquo;UE.<br \/>\n<\/em><\/strong>On ne peut pas abandonner le Vieux Continent europ\u00e9en auquel on appartient, outre que \u00a0g\u00e9ographiquement, depuis la mythique Gr\u00e8ce ancienne laquelle est \u00e0 la base de la civilisation presqu&rsquo;autant que le christianisme romain. Mais sortir de l&rsquo;oppression totalitaire, de ses lois impos\u00e9es par l&rsquo;adoption inconsid\u00e9r\u00e9e et tr\u00e8s pr\u00e9matur\u00e9e surtout de sa monnaie sc\u00e9l\u00e9rate, est une question vitale de libert\u00e9 toujours plus \u00e9vidente dans l&rsquo;int\u00e9r\u00eat au moins de plusieurs peuples. Pendant une relativement longue p\u00e9riode, on n&rsquo;avait plus beaucoup parl\u00e9 de ces sujets. L&rsquo;appauvrissement (m\u00eame artificiel) provoqu\u00e9 par le <em>Covid<\/em> a report\u00e9 \u00e0 l&rsquo;actualit\u00e9 la question rendue \u00e9clatante par l&rsquo;\u00e9go\u00efsme r\u00e9it\u00e9r\u00e9 de plusieurs Pays dits \u00ab\u00a0rh\u00e9nans\u00a0\u00bb. Ils sont devenus plut\u00f4t pr\u00e9dateurs particuli\u00e8rement par rapport aux autres europ\u00e9ens avec \u00e0 leur t\u00eate l&rsquo;Allemagne.<br \/>\nLe brexit britannique, en effet, a \u00e9t\u00e9 une tr\u00e8s grosse erreur \u00e9tant donn\u00e9 que ce Pays historiquement et g\u00e9ographiquement europ\u00e9en n&rsquo;avait \u2013 tr\u00e8s judicieusement \u2013 jamais adh\u00e9r\u00e9 \u00e0 l&rsquo;Euro.<br \/>\nTous les pervers <em>Trait\u00e9s<\/em> europ\u00e9ens, \u00e0 partir de celui de Maastricht en 1992, ont \u00e9t\u00e9 con\u00e7us en fonction de l&rsquo;adoption de la monnaie unique, sept ann\u00e9es plus tard, mais toujours bien anticipativement aux processus politiques et \u00e9conomiques d&rsquo;homog\u00e9n\u00e9isation de ses Pays membres.<br \/>\nLa sortie de la Grande Bretagne de l&rsquo;Europe politique, quoique certainement tr\u00e8s indiff\u00e9rente ou \u00a0avantageuse tactiquement pour son \u00e9conomie, est en grave d\u00e9faut sur le possible plan strat\u00e9gique toujours possible : plusieurs observateurs, tr\u00e8s probablement trop optimistes, ont d\u00e9j\u00e0 \u00ab\u00a0proph\u00e9tis\u00e9\u00a0\u00bb sa grande rentr\u00e9e dans l&rsquo;<em>UE<\/em> lorsque tout probl\u00e8me actuel sera aplani. Ce brexit a tout de m\u00eame rendu tr\u00e8s critique l&rsquo;actuelle possible sortie de l&rsquo;Italie, pays fondateur et trop relativement important \u00e9conomiquement et sur le plan \u00a0g\u00e9opolitique pour que sa possible italexit ne mette en crise totale tout le projet europ\u00e9en. Actuellement, apr\u00e8s pr\u00e9paration scrupuleuse, il pourrait \u00eatre suffisant de menacer seulement la sortie de l&rsquo;Euro pour remettre en n\u00e9gociation tous les injustes Trait\u00e9s europ\u00e9ens ! \u00a0L&rsquo;attitude parasitaire de certains Pays de l&rsquo;<em>Union<\/em> devrait s&rsquo;assagir dans sa tendance tout de m\u00eame pr\u00e9datrice<em>, <\/em>comme actuellement la France (elle aussi en grave difficult\u00e9 ces derni\u00e8res ann\u00e9es, malgr\u00e9 son pervers partenariat privil\u00e9gi\u00e9 avec l&rsquo;Allemagne), la Hollande (configur\u00e9e depuis plusieurs ann\u00e9es comme inacceptable <em>paradis fiscal<\/em>), l&rsquo;Autriche (\u00e0 la m\u00e9moire historique tr\u00e8s courte), ou la Finlande (d&rsquo;une importance \u00e9conomique globale limit\u00e9e). Au moins autant que l&rsquo;Allemagne elle-m\u00eame, tr\u00e8s ordo-\u00e9conomique exc\u00e9dentaire, qui a d\u00e9j\u00e0 trop profit\u00e9 de sa position \u00e9conomique de leader, surtout dans le saccage non seulement grec\u2026<br \/>\nTous ces Pays soi-disant tr\u00e8s europ\u00e9ens de la d\u00e9sormais trop gnostique et mondialiste <em>Union Europ\u00e9enne<\/em>, et non plus de l&rsquo;initiale et catholique <em>Communaut\u00e9 Europ\u00e9enne, <\/em>ne comprennent vraiment pas aujourd&rsquo;hui d&rsquo;autres langages politiques dans le \u00ab\u00a0dialogue\u00a0\u00bb continental ! \u00a0\u00a0\u00a0\u00a0<strong><em>\u00a0\u00a0<\/em><\/strong><\/p>\n<p><strong><em>Le manque de conscience g\u00e9n\u00e9ralis\u00e9e du d\u00e9sastreux projet mondialiste g\u00e9r\u00e9 par l&rsquo;actuel pouvoir massifi\u00e9 en Europe et en Italie, rend tragique le totalitarisme dominant au niveau plan\u00e9taire.<br \/>\n<\/em><\/strong>La dictature \u00e9conomique va toujours de pair avec celle culturelle et id\u00e9ologique. Actuellement elle en constitue m\u00eame la pr\u00e9misse diteavec le n\u00e9ologisme italien \u00a0\u00ab\u00a0<em>mercatista<\/em>\u00a0\u00bb (\u00ab\u00a0march\u00e9tiste\u00a0\u00bb) afin de faire appara\u00eetre le despotisme impos\u00e9 d&rsquo;une mani\u00e8re soft et surtout <em>structurelle<\/em>, mais tout de m\u00eame bien d\u00e9sormais visible. Et surtout apparemment in\u00e9vitable. Le niveau culturel g\u00e9n\u00e9ralis\u00e9 des populations \u00e0 pr\u00e9sent dites d\u00e9mocratiques est unanimement jug\u00e9 tr\u00e8s \u00e9l\u00e9mentaire jusqu&rsquo;\u00e0 la cr\u00e9dulit\u00e9 la plus d\u00e9sarmante. D&rsquo;autant plus que d\u00e9sormais le syst\u00e8me de manipulation est organis\u00e9 avec des innombrables moyens m\u00e9diatiques, jours et nuits, qui ne font que r\u00e9duire le niveau de conscience critique de l&rsquo;homme d\u00e9j\u00e0\u00a0 massifi\u00e9. Et qui constitue le prototype le plus diffus\u00e9 de nos soci\u00e9t\u00e9s de hyperconsommation. L&rsquo;id\u00e9ologie dominante mondialiste et conformiste, par ceux qui d\u00e9tiennent la pr\u00e9valence sur la culture g\u00e9n\u00e9rale, est celle crue de \u00ab\u00a0bon sens\u00a0\u00bb, irr\u00e9ligieuse et plut\u00f4t ignorante volontairement. Surtout qu&rsquo;elle fait cruellement d\u00e9faut aux classes sociales surtout interm\u00e9diaires, les plus importantes et productives, dont la conscience est rendue totalement r\u00e9ductionniste par rapport \u00e0 un mat\u00e9rialisme fatalement subordonn\u00e9 et non lib\u00e9rale.<br \/>\nMais c&rsquo;est quoi au juste ce mondialisme dominant ? Il s&rsquo;agit de l&rsquo;id\u00e9ologie dont l&rsquo;origine remonte \u00e0 \u00a0depuis un bon demi-mill\u00e9naire qui s&rsquo;est progressivement impos\u00e9 par la propagande tout azimut dans la philosophie et dans la culture dite moderne. Celle diffus\u00e9e par les forces franc-ma\u00e7onnes et, dans le dernier demi-si\u00e8cle, par les onusiennes. Une culture nihiliste \u00e0 <em>pens\u00e9e unique<\/em>, simplette et pseudo-rationaliste, fonctionnelle \u00e0 la pure factualit\u00e9 manipulable et au tr\u00e8s faible niveau culturel g\u00e9n\u00e9ral. Elle a l&rsquo;intention, depuis toujours, de remplacer la compl\u00e8te et complexe culture religieuse, mais toujours vraie et n\u00e9cessaire, qui a pr\u00e9c\u00e9d\u00e9 ce qu&rsquo;on a d\u00e9fini la <em>mort de Dieu<\/em>. Une sorte, donc, d&rsquo;une nouvelle fausse religion sans Dieu ni \u00e0 terme sans \u00c9glise. Et, bien entendu, la\u00efciste : contraire \u00e0 toute transcendance et horriblement syncr\u00e9tique, voire panth\u00e9iste et \u00e9tatiste. Elle v\u00e9hicule une vision du monde totalement immanente, anthropologiquement centr\u00e9e sur l&rsquo;apparent simplisme de l&rsquo;homme, se croyant omnipuissant et auto-r\u00e9alisateur autonome. Son niveau critique a \u00e9t\u00e9 r\u00e9duit presque pratiquement \u00e0 z\u00e9ro. Mais, surtout, cette conception d\u00e9lirante et de masse est totalement relativiste et activement \u00a0d\u00e9vastatrice de toute religion transcendante et globalement encore humano\u00efde.<br \/>\nIl est presque de commune opinion de croire que cette nouvelle id\u00e9ologie totalitaire soit r\u00e9ellement salvifique pour le genre humain ayant, tr\u00e8s illusoirement, \u00ab\u00a0<em>\u00e9limin\u00e9 toute contradiction<\/em>\u00a0\u00bb et divergences superflues et inutilement \u00ab\u00a0divis\u00e9es\u00a0\u00bb entre les religions. Donc, on aurait la totale de la falsification cosmique, rendue tyrannique et d\u00e9nomm\u00e9e <em>Nouvel Ordre Mondial <\/em>\u00a0(<em>NOM<\/em>).<br \/>\nPour les modernistes, m\u00eames ceux de l&rsquo;\u00c9glise catholique dits de l&rsquo;h\u00e9r\u00e9tique \u00ab\u00a0Nouvelle \u00c9glise\u00a0\u00bb rahn\u00e9rienne, tout doit \u00eatre incompr\u00e9hensiblement \u00ab\u00a0nouveau\u00a0\u00bb !<br \/>\nEn r\u00e9alit\u00e9, cette id\u00e9ologie s&rsquo;est d\u00e9j\u00e0 r\u00e9v\u00e9l\u00e9e historiquement comme la plus dangereusement totalitaire jamais \u00ab\u00a0invent\u00e9e\u00a0\u00bb par l&rsquo;homme. Lequel \u2013 on le sait \u2013 ne peut pas se sauver tout seul, en suppl\u00e9ment par apparente et illusoire d\u00e9finition auto-coercitive&#8230;<\/p>\n<p><strong><em>La Doctrine Sociale de l&rsquo;Eglise (DS\u00c9) demeure \u2013 il va de soi \u2013 l&rsquo;unique possibilit\u00e9 de r\u00e9unir culturellement et politiquement le seul noyau d&rsquo;humains libres dans l&rsquo;unique V\u00e9rit\u00e9 \u00e9ternelle.<br \/>\n<\/em><\/strong>La pens\u00e9e supr\u00eame de V\u00e9rit\u00e9 (du <em>Logos<\/em>) propre au christocentrisme catholique est en mesure d&rsquo;\u00eatre de r\u00e9f\u00e9rence indiscutable pour tout et en chacun, \u00e0 l&rsquo;enseigne de l&rsquo;\u00e9vidence de sa civilisation plurimill\u00e9naire. Comment alors rendre possible une unit\u00e9 permanente entre hommes fatalement s\u00e9par\u00e9s par l&rsquo;individualisme on ne peut plus diviseur provoqu\u00e9 par toute notre crise totale ?<br \/>\nLe processus antireligieux des derniers si\u00e8cles \u2013 de \u00a0la Renaissance au mouvement soixante-huitard qui a \u00ab\u00a0d\u00e9finitivement\u00a0\u00bb tu\u00e9 l&rsquo;id\u00e9e de paternit\u00e9, donc de l&rsquo;Autorit\u00e9 transcendante \u2013 comment pourrait-elle b\u00e2tir un parti centrip\u00e8te et antimoderniste, bien t\u00e9l\u00e9ologique, destin\u00e9 \u00e0 combattre l&rsquo;id\u00e9e destructrice, relativiste et in\u00e9vitablement esclavagiste du mondialisme id\u00e9ologique <em>NOM<\/em> ?<br \/>\nDes si\u00e8cles de recherches philosophiques rationnelles n&rsquo;ont port\u00e9 qu&rsquo;\u00e0 l&rsquo;incertitude r\u00e9it\u00e9r\u00e9e, autant falsificatrice que l&rsquo;initiale conception gnostique de d\u00e9part. Laquelle avait d\u00e9j\u00e0 commenc\u00e9 \u00e0 pulv\u00e9riser l&rsquo;unit\u00e9 de la civilisation : que seule l&rsquo;assise religieuse de la R\u00e9v\u00e9lation, par le biais de son \u00c9glise, peut permettre et a permis, pendant des mill\u00e9naires : dans sa lutte primaire contre le damn\u00e9 \u00e9tatisme. C&rsquo;est-\u00e0-dire, la tentative permanente de la part des structures des \u00c9tats de pr\u00e9valoir sur celles de l&rsquo;\u00c9glise catholique et sur tout son enseignement m\u00e9taphysique. Celle-ci, malgr\u00e9 son actuelle crise historique profonde, d\u00e9tient comme don la cl\u00e9 de V\u00e9rit\u00e9 \u00e9ternelle et le patrimoine immense de sa Foi rationnelle trinitairement salvifique, la v\u00e9ritablement seule dans l&rsquo;histoire. Elle est toute r\u00e9sum\u00e9e, sp\u00e9cifiquement sur le plan social et politique, dans la <em>DS\u00c9<\/em> et dans la grande tradition th\u00e9ologique concentr\u00e9e dans le volume \u00a0\u00ab\u00a0<em>Compendium de la Doctrine Sociale de l&rsquo;\u00c9glise\u00a0\u00bb <\/em>publi\u00e9 en plusieurs langues par le Vatican, en 2004. Cette synth\u00e8se gigantesque est continuellement approfondie par le seul dicast\u00e8re de l&rsquo;\u00c9glise qui n&rsquo;a pas \u00e9t\u00e9 touch\u00e9, miraculeusement, par sa crise gravissime du modernisme. L'\u00a0\u00bbObservatoire Internationale Cardinal Van Thu\u00e2n\u00a0\u00bb, sous le haut patronage \u00e9m\u00e9rite de l&rsquo;archev\u00eaque de Trieste, Giampaolo Crepaldi, et sous la direction du g\u00e9nial Stefano Fontana, grand expert en sciences sociales et divines catholiques, vient d&rsquo;\u00eatre publi\u00e9 (toujours en plusieurs langues), l'\u00a0\u00bbOnzi\u00e8me Rapport sur la <em>DS\u00c9\u00a0\u00bb <\/em>(<em>Cantagalli Edizioni<\/em>, Siena, Italie)<em>. <\/em>C&rsquo;est-\u00e0-dire la mise \u00e0 jour pratiquement annuelle sur l&rsquo;\u00e9tat de la r\u00e9elle r\u00e9alisation du Magist\u00e8re eccl\u00e9sial, guid\u00e9 par le Saint Esprit, dans les diff\u00e9rents continents et Pays du monde.\u00a0 Voici donc l&rsquo;indispensable guide pratique permettant d&rsquo;\u00e9chapper \u00e0 tout \u00e9perdu politicien la\u00efque et en d\u00e9rive dans les tendances des h\u00e9r\u00e9sies la\u00efcistes et liberticides. Dans lesquelles finissent par patauger, aussi et toujours, finalement tous les partis politiques, en degr\u00e9 plus ou moins grave de gnosticisme, dans le monde entier.<br \/>\nIl est illusoire penser \u00e9chapper, pour tout militant catholique, de s&rsquo;engager dans les activit\u00e9s du <em>Bien Commun<\/em> sans s&rsquo;abriter rigoureusement sous l&rsquo;Autorit\u00e9 de ce Dicast\u00e8re \u00ab\u00a0du fondement politique\u00a0\u00bb du catholicisme. En suppl\u00e9ment des relations du pr\u00e9sident honoraire et du secr\u00e9taire Fontana, six \u00a0grands sp\u00e9cialistes internationaux, en compagnie de onze autres \u00e9crivains rigoureusement \u00a0catholiques, se sont consacr\u00e9s \u00e0 r\u00e9diger les 17 essais d&rsquo;analyse pertinents et tr\u00e8s intelligents sur la situation religieuse \u00a0mondiale de cet Onzi\u00e8me Rapport. Pour un total de plus de 200 pages et en se r\u00e9f\u00e9rant \u00e0 de nombreuses encycliques, ces essais approfondissent les principes du \u00ab\u00a0r\u00e9veil des nations souverainistes\u00a0\u00bb en cours. \u00c0 partir aussi des postulats politiciens et nihilistes de Thomas Hobbes (<em>Homo homini lupus, <\/em>est un de ses fameux titres) et des analyses bien protestantes de Max Weber. Les fondamentales distinctions critiques entre \u00c9tat, nation, peuples, communaut\u00e9s politiques, subsidiarit\u00e9 et V\u00e9rit\u00e9 de la <em>DS\u00c9<\/em> sont restitu\u00e9s dans l&rsquo;ordre qui seul permet de produire une politique rationnelle et humaine : surtout dans la V\u00e9rit\u00e9. Tout au moins comme r\u00e9f\u00e9rence critique pour chaque op\u00e9rateur qui, \u00e0 d\u00e9faut de quoi, fatalement, ne fait que produire l&rsquo;actuel chaos mondain et mondial !<\/p>\n<p><strong><em>Ces politiciens, journalistes et autres asservis (souvent sans qu&rsquo;ils le sachent ou en \u00ab\u00a0bonne foi\u00a0\u00bb), demandent avec insolence qui sont-ils les actuels esclavagistes : jamais bien identifi\u00e9s.<br \/>\n<\/em><\/strong>Priv\u00e9s de cet enseignement<em> DS\u00c9<\/em> oc\u00e9anique et d&rsquo;une, en tout cas, rare profondeur th\u00e9ologique et philosophique, on ne peut que sombrer dans les h\u00e9r\u00e9sies. Surtout dans une \u00e9poque o\u00f9 le clerg\u00e9 central du Vatican et le Pape lui-m\u00eame ne sont pas \u00e0 l&rsquo;abri de gravissimes tendances h\u00e9r\u00e9siarques du modernisme. Lequel a \u00e9t\u00e9 d\u00e9fini par saint Pie X la \u00ab\u00a0<em>synth\u00e8se d\u00e9taill\u00e9e de toutes les d\u00e9viations th\u00e9ologiques de l&rsquo;histoire<\/em>\u00ab\u00a0, si bien actuellement intermittentes. L&rsquo;utilit\u00e9 de ce Dicast\u00e8re tr\u00e8s pr\u00e9cieux est naturellement universelle. Il est indispensable comme t\u00e9moignage de r\u00e9f\u00e9rence pour tout parti bourgeois se proclamant, indument, coh\u00e9rent aux principes catholiques m\u00e9connus aussi par eux m\u00eame : tout au moins dans les phases \u00e9lectorales \u2013 comme d&rsquo;habitude \u2013 afin de capturer les voix des fid\u00e8les qui sont de moins en moins pr\u00e9par\u00e9s, eux aussi, sur le plan doctrinal comme sur celui pastoral. Les politiciens et les journalistes, \u00e0 leur tour, couramment tr\u00e8s incr\u00e9dules, ignorants et de formation gnostique m\u00eame nihiliste, ont l&rsquo;air de vouloir \u00ab\u00a0enseigner\u00a0\u00bb \u00e0 l&rsquo;\u00c9glise m\u00eame sa propre Doctrine eccl\u00e9siale en alimentant l&rsquo;anarchie caract\u00e9ristique, d\u00e9j\u00e0 dominante, de notre \u00e8re.<br \/>\nIl est \u00e9vident que la diaspore des catholiques a tout de m\u00eame sorti quelques r\u00e9sultats qu&rsquo;on pourrait discutablement d\u00e9finir \u00ab\u00a0positifs\u00a0\u00bb, rares et personnels (jamais vraiment politiques !).<br \/>\nMais la confluence de tous les chr\u00e9tiens en un seul parti pas facile \u00e0 b\u00e2tir est reste depuis un quart de si\u00e8cle un probl\u00e8me non r\u00e9solu. Ainsi qu&rsquo;il est r\u00e9solu celui de l&rsquo;adh\u00e9sion \u00e0 la culture sociale et politique, par cons\u00e9quent, du christianisme incarn\u00e9: la <em>DS\u00c9 <\/em>! Que l&rsquo;on prenne, par exemple, les questions (toujours les m\u00eames relatives aux \u00ab\u00a0Principes non n\u00e9gociables\u00a0\u00bb) que plusieurs soi-disant journalistes et hommes politiques, mais \u00e9galement entrepreneurs et scientifiques, adressent de mani\u00e8re provocatrice surtout aux militants catholiques universels en contestation antimondialistes, concernant les noms des grandes responsables de ce <em>Nouveau Ordre Mondial<\/em>. Comme s&rsquo;il ne s&rsquo;agissait pas toujours d&rsquo;organismes justement anonymes \u2013 de banques, d&rsquo;agences financi\u00e8res, d&rsquo;entreprises multinationales, d&rsquo;associations internationales, de partis associ\u00e9s au niveau plan\u00e9taires, etc. \u2013 qui, de surcro\u00eet, se dissimulent le plus que possible. Et font souvent triompher dans les d\u00e9bats la mystification de leurs m\u00e9diocre et fausse pr\u00e9paration th\u00e9orique et surtout th\u00e9ologique. En accusant, in\u00e9vitablement, de positions id\u00e9ologiques celles de leurs interlocuteurs intelligents, normalement eux aussi \u2013 \u00e0 vrai dire \u2013 peu pr\u00e9par\u00e9s ou avec des lacunes inacceptables. Au lieu de mettre en discussion pertinemment leur ignorance malhonn\u00eate et leur servitude parfois m\u00eame ignoblement bien pay\u00e9e: d&rsquo;o\u00f9 la n\u00e9cessit\u00e9 urgente d&rsquo;un parti catholique pour aussi les hommes rationaux \u00ab\u00a0<em>de bonne volont\u00e9<\/em>\u00a0\u00bb m\u00eame non catholiques.<br \/>\nLa technique ma\u00eetresse utilis\u00e9e tr\u00e8s couramment, dans ces cas, est celle d&rsquo;utiliser la soi-disant \u00ab\u00a0\u00e9vidence de la technique scientiste\u00a0\u00bb, celle idol\u00e2trique de la dite <em>technique<\/em> pr\u00e9sent\u00e9e comme \u00ab\u00a0philosophiquement\u00a0\u00bb irrempla\u00e7able et comme argumentation pseudo-rationnelle et oblig\u00e9e.<br \/>\nPar exemple, ils utilisent les \u00ab\u00a0r\u00e8glements\u00a0\u00bb jamais rendus d\u00e9mocratiques de l&rsquo;<em>Union Europ\u00e9enne<\/em>, comme des <em>v\u00e9rit\u00e9s \u00e9ternelles et in\u00e9vitables,<\/em> en guise d&rsquo;impositions m\u00eame ontologiques, alors qu&rsquo;elles sont tout simplement n\u00e9cessairement discutables, arbitraires et tr\u00e8s d\u00e9mocratiquement \u00a0rempla\u00e7ables! En l&rsquo;occurrence, il suffirait sortir le Pays, tour \u00e0 tour victime de son diabolique syst\u00e8me mon\u00e9taire, pour se r\u00e9approprier de la facult\u00e9 libre et primaire d&rsquo;\u00e9mettre sa\u00a0 propre monnaie nationale et souveraine (jusqu&rsquo;\u00e0 l&rsquo;\u00e9poque o\u00f9 elle sera r\u00e9ellement transform\u00e9e en souveraine vraiment europ\u00e9enne) ! Afin de disposer, \u00a0comme c&rsquo;est le cas de nos jours, de tout l&rsquo;argent n\u00e9cessaire pour faire face, par exemple, \u00e0 la catastrophe provoqu\u00e9 par le<em> Covid<\/em> chinois. Et non plus d&rsquo;\u00eatre soumis aux in\u00e9vitables chantages \u00e9conomiques et \u00ab\u00a0juridiques\u00a0\u00bb pr\u00e9dispos\u00e9s astucieusement par la technocratie et bureaucratie nord-europ\u00e9enne \u00a0des eurocrates et assimil\u00e9s, hypocritement parasitaires. Ou bien, parmi d&rsquo;autres solutions possibles et toujours trompeusement diabolis\u00e9es, agir sur leur valeur d&rsquo;\u00e9change afin de rendre comp\u00e9titifs le prix de vente de tous les produits nationaux\u2026 Ce qu&rsquo;on avait m\u00eame toujours profitablement et l\u00e9gitimement fait !<br \/>\nBref, toute l&rsquo;importance de disposer urgemment d&rsquo;un parti unique et bien catholiquement r\u00e9f\u00e9r\u00e9 \u00e0 la seule <em>DS\u00c9 <\/em>magistrale et salvifique\u2026<\/p>\n","protected":false},"excerpt":{"rendered":"<p>On reparle de sortir de l&rsquo;Euro en Italie. La seule possibilit\u00e9 de se faire respecter en Europe est celle de menacer non le d\u00e9mentiel italexit mais l&rsquo;abandon de sa monnaie pour vraiment r\u00e9former l&rsquo;UE. On ne peut pas abandonner le Vieux Continent europ\u00e9en auquel on appartient, outre que \u00a0g\u00e9ographiquement, depuis la mythique Gr\u00e8ce ancienne laquelle [&hellip;]<\/p>\n","protected":false},"author":5,"featured_media":0,"parent":0,"menu_order":0,"comment_status":"closed","ping_status":"closed","template":"","meta":{"footnotes":""},"class_list":["post-4132","page","type-page","status-publish","hentry"],"post_mailing_queue_ids":[],"_links":{"self":[{"href":"https:\/\/www.francamente2.com\/index.php?rest_route=\/wp\/v2\/pages\/4132","targetHints":{"allow":["GET"]}}],"collection":[{"href":"https:\/\/www.francamente2.com\/index.php?rest_route=\/wp\/v2\/pages"}],"about":[{"href":"https:\/\/www.francamente2.com\/index.php?rest_route=\/wp\/v2\/types\/page"}],"author":[{"embeddable":true,"href":"https:\/\/www.francamente2.com\/index.php?rest_route=\/wp\/v2\/users\/5"}],"replies":[{"embeddable":true,"href":"https:\/\/www.francamente2.com\/index.php?rest_route=%2Fwp%2Fv2%2Fcomments&post=4132"}],"version-history":[{"count":1,"href":"https:\/\/www.francamente2.com\/index.php?rest_route=\/wp\/v2\/pages\/4132\/revisions"}],"predecessor-version":[{"id":4134,"href":"https:\/\/www.francamente2.com\/index.php?rest_route=\/wp\/v2\/pages\/4132\/revisions\/4134"}],"wp:attachment":[{"href":"https:\/\/www.francamente2.com\/index.php?rest_route=%2Fwp%2Fv2%2Fmedia&parent=4132"}],"curies":[{"name":"wp","href":"https:\/\/api.w.org\/{rel}","templated":true}]}}