{"id":1547,"date":"2016-01-03T18:25:22","date_gmt":"2016-01-03T17:25:22","guid":{"rendered":"http:\/\/www.francamente2.com\/?page_id=1547"},"modified":"2016-01-03T18:31:39","modified_gmt":"2016-01-03T17:31:39","slug":"le-background-culturel-et-spirituel-de-mon-blog-francamente-2","status":"publish","type":"page","link":"http:\/\/www.francamente2.com\/?page_id=1547","title":{"rendered":"Le background culturel et spirituel de mon blog Francamente 2"},"content":{"rendered":"<p><strong>Contre le conformisme arrogant de notre \u00e8re<\/strong><strong><br \/>\n<\/strong>\u00c0 septante ans, j\u2019ouvre mon blog.<br \/>\nJ\u2019avais attendu mes cinquante balais pour publier mon premier livre\u00a0: avant, j\u2019ai toujours consid\u00e9r\u00e9 qu\u2019on ne pouvait \u00e9crire \u2013 \u00e0 d\u00e9faut de g\u00e9nie \u2013 que des banalit\u00e9s fatalement conformistes et arrogantes. Le relativisme et le nihilisme de notre \u00e9poque, dans lesquels malheureusement nous vivons compl\u00e8tement plong\u00e9s, ne permettent g\u00e9n\u00e9ralement pas d\u2019autres issues.<br \/>\nJe commence mon blog en l\u2019appelant\u00a0<em>Francamente 2,\u00a0<\/em>avec la m\u00eame d\u00e9nomination de ma rubrique p\u00e9riodique, au moins mensuelle, que je publiais dans l\u2019Extranet de mon entreprise, le Groupe Eurologos (<a href=\"http:\/\/www.eurologos.com\/\">www.eurologos.com<\/a>).<br \/>\nMais le<em>\u00a0remake\u00a0<\/em>de ce titre tient surtout au bonheur d\u2019avoir re\u00e7u mon beau pr\u00e9nom par mes parents. Ils m\u2019ont ainsi \u00ab\u00a0pr\u00e9destin\u00e9\u00a0\u00bb \u2013 si j\u2019ose dire \u2013 \u00e0 la v\u00e9rit\u00e9 toujours franche et, en m\u00eame temps, au son concret et tr\u00e9buchant d\u2019une pi\u00e8ce historique qui me rappelle tout le temps implacablement le r\u00e9el.<br \/>\nAinsi la premi\u00e8re s\u00e9rie de\u00a0<em>Francamente\u00a01,\u00a0<\/em>je l\u2019ai r\u00e9alis\u00e9e ponctuellement depuis plus de treize ans, en anglais et en fran\u00e7ais (et professionnellement), \u00e0 l\u2019intention exclusive et confidentielle des responsables des agences de Communication multilingue de mon groupe Eurologos.<br \/>\n\u00c0 pr\u00e9sent, je vais le publier (en \u00ab\u00a0priv\u00e9\u00a0\u00bb) en fran\u00e7ais et en italien, les deux langues avec lesquelles j\u2019arrive au moins \u00e0 me faire comprendre assez correctement\u00a0: j\u2019ai v\u00e9cu plus \u00e0 Bruxelles (37 ans) qu\u2019en Italie (avec mes premiers 33 ans). Donc, ce blog ne part pas vraiment \u00e0 z\u00e9ro.<br \/>\n\u00b2J\u2019y ai d\u00e9j\u00e0 ins\u00e9r\u00e9 mes livres imprim\u00e9s ou publi\u00e9s en ligne et en plusieurs langues sur les sites web de mes soci\u00e9t\u00e9s dites glocales, dans lesquelles je continue \u00e0 travailler tous les jours\u00a0: elles sont dirig\u00e9es, d\u00e9sormais, par ma fille Odile.<br \/>\nL\u2019autre fils, Didier, l\u2019ain\u00e9, lui aussi francophone et tr\u00e8s polyglotte, travaille dans la s\u00e9curit\u00e9 et il est en train de suivre un chemin \u00e9galement entrepreneurial\u2026 Quant \u00e0 mon \u00e9pouse, Orietta, \u2013 pour ne rien cacher \u2013 elle est une parfaite navigatrice Internet. Elle utilise les\u00a0<em>social networks<\/em>\u00a0avec l\u2019assurance de sa ma\u00eetrise sur les contenus de son sac. Mais, attention, elle y consacre un d\u00e9vouement rigoureusement d\u00e9pourvu de toute massification expressive.<br \/>\nCe blog, g\u00e9r\u00e9 par moi-m\u00eame qui a toujours \u00e9t\u00e9 un nul en informaticomanie, contient aussi certaines mes conf\u00e9rences tenues, entre autres, dans des universit\u00e9s europ\u00e9ennes et un \u00e9chantillonnage de mes anciens\u00a0<em>Francamente\u00a0<\/em>s\u00e9lectionn\u00e9s parmi ceux non confidentiels pour les agences de mon groupe.<\/p>\n<p><strong>\u00a0Toujours au travail jusqu\u2019au dernier souffle et non dans l\u2019h\u00e9donisme clochard de l\u2019ac\u00e9die contemporaine<\/strong><strong><br \/>\n<\/strong>Sant\u00e9 permettant, je suis convaincu qu\u2019il faut travailler avec bonheur jusqu\u2019\u00e0 son dernier souffle\u00a0: je suis naturellement et farouchement contre la retraite et les pensions g\u00e9n\u00e9ralis\u00e9es.<br \/>\n\u00ab\u00a0Le travail \u2013 comme le disait le professeur Del Debbio \u00e0 Milan \u2013 est l\u2019essence de l\u2019homme\u00a0\u00bb et on ne peut pas se\u00a0<em>suicider\u00a0<\/em>en se s\u00e9parant de ses toujours propres et salvifiques activit\u00e9s.<br \/>\nLe bonheur consiste, tout simplement, \u00e0 continuer \u00e0 travailler toute sa vie en remerciant tout le temps le Cr\u00e9ateur de pouvoir proportionnellement le faire bon pied bon \u0153il.<br \/>\nToute ma recherche de f\u00e9licit\u00e9 consiste dans la tentative quotidienne d\u2019ajouter ma petite et infinit\u00e9simale part dans la valeur ajout\u00e9e \u00e0 celle grandiose et infinie de la Cr\u00e9ation. Et ceci, dans la conscience d\u2019\u00eatre une simple cr\u00e9ature avec un grand petit destin \u00e0 d\u00e9nicher dans la continuit\u00e9 de mon existence. Toute ma tristesse\u00a0<em>col\u00e9reuse<\/em>\u00a0jaillit de la constatation que l\u2019abominable tendance au refus du travail, propre \u00e0 la culture qui se veut dominante dans notre monde, a produit actuellement une moyenne d\u2019\u00e2ge \u00e0 la pension et \u00e0 la pr\u00e9pension d\u2019\u00e0 peine 56 ans et quelques mois, dans nos pays europ\u00e9ens.<br \/>\nOn n\u2019en parle presque jamais dans les milieux dits intellectuels, dans la quasi totalit\u00e9 des partis politiques ou dans les syndicats, mais l\u2019id\u00e9ologie anti-entreprise et, surtout, \u00e0 soutien ac\u00e9phale de l\u2019h\u00e9donisme clochard ou petit-bourgeois, cache soigneusement ce macro-ph\u00e9nom\u00e8ne honteux de notre \u00e8re.<\/p>\n<p><strong>Un jugement pertinent, clair et net sur notre \u00e9poque qui se d\u00e9cline dans le blog<\/strong><strong><br \/>\n<\/strong>On ne peut jamais vraiment comprendre un blog et en situer critiquement chacun de ses\u00a0<em>posts<\/em>\u00a0si on ne dispose pas d\u2019une mappe du<em>\u00a0background<\/em>\u00a0culturel et spirituel de l\u2019auteur. Ainsi, mes livres, mes<em>Francamente,\u00a0<\/em>mes conf\u00e9rences et mes articles, y compris le trimestriel de mon groupe en plus de six langues (<a href=\"http:\/\/www.glocal.com\/\">www.glocal.com<\/a>), pr\u00e9sentent mon positionnement religieux sur la vie existentielle et professionnelle (\u00e9conomique).<br \/>\nBref, pour terminer assez rapidement cette pr\u00e9sentation de mon blog, et pour en annoncer toute la couleur (la mienne), il est n\u00e9cessaire que mon jugement sur la crise \u00e9conomique de notre Occident, c\u2019est-\u00e0-dire le cadre permanent de nos vies, soit au moins ici annonc\u00e9. Cette crise a \u00e9t\u00e9 provoqu\u00e9e par la d\u00e9natalit\u00e9 radicale des derni\u00e8res cinquante ans et, deuxi\u00e8mement, par les monstrueuses dettes de nos \u00c9tats vicieusement \u00e9tatistes.<br \/>\nLa d\u00e9natalit\u00e9 a, il va de soi, diminu\u00e9 la demande interne de nos pays en bloquant toute v\u00e9ritable croissance et en provoquant sept millions suppl\u00e9mentaires de ch\u00f4meurs dans les derniers cinq ans en Europe.<br \/>\n\u00c0 son tour, la dette publique (plus ou moins insupportablement \u00e9lev\u00e9e dans tous les pays, mais toujours irresponsable et immorale) a paralys\u00e9 tout investissement quantitativement s\u00e9rieux jusqu\u2019\u00e0 cr\u00e9er la disparition, en quelques ann\u00e9es, de centaines de milliers d\u2019entreprises \u00e0 cause des niveaux insoutenables des taxes.<br \/>\nJe renvois pour les argumentations de ces th\u00e8ses \u00e0 mes livres et, notamment, \u00e0 mon interview de 2014 publi\u00e9e ci-apr\u00e8s dans ce blog.<\/p>\n<p><strong>\u00a0Une crise culturelle et, d\u00e9sormais, anthropologique \u00e0 cause de la perte de sa propre cr\u00e9aturalit\u00e9<\/strong><strong><br \/>\n<\/strong>Ces deux causes jaillissent surtout d\u2019une crise historique de nature culturelle et m\u00eame anthropologique\u00a0: on a abandonn\u00e9, ou perdu, le fait de se reconna\u00eetre d\u2019abord comme des cr\u00e9atures avant de se consid\u00e9rer des petits \u00ab\u00a0cr\u00e9ateurs\u00a0\u00bb, dans une coop\u00e9ration c\u00e9leste. Actuellement, l\u2019homme s\u2019arroge pr\u00e9tentieusement le droit de se concevoir comme autosuffisant. Par cons\u00e9quent, il d\u00e9cide impudemment que m\u00eame la vie et sa transmission lui appartiennent, dans son arbitraire. D\u2019o\u00f9 les\u00a0<em>berceaux vides\u00a0<\/em>des deux derni\u00e8res g\u00e9n\u00e9rations. Mais non seulement.<br \/>\nParall\u00e8lement, ce m\u00eame homme contemporain d\u00e9cide \u00e9galement de faire payer \u00e9go\u00efstiquement le co\u00fbt de ses dettes colossales aux g\u00e9n\u00e9rations futures afin de pouvoir vivre au dessus de ses moyens\u00a0: il n\u2019a jamais rembours\u00e9 le moindre sous de ses emprunts sc\u00e9l\u00e9rats permis, m\u00eame l\u00e9galement, par ses \u00c9tats d\u00e9g\u00e9n\u00e9r\u00e9s.<br \/>\n\u00c0 vrai dire, la raison fondamentale de ce blog est ainsi pour t\u00e9moigner de ma profonde d\u00e9solidarisation de cette attitude antireligieuse d\u2019une grande majorit\u00e9 de mes cong\u00e9n\u00e8res qui, avec leurs trois id\u00e9ologies d\u00e9vastatrices, veulent ou sont en train de d\u00e9shumaniser nos vies, dans une totale d\u00e9responsabilisation irrationnelle.<\/p>\n<p><strong>Les trois id\u00e9ologies totalitaires qui veulent d\u00e9vaster nos existences<\/strong><strong><br \/>\n<\/strong>Que sont-elles ces id\u00e9ologies si liberticides et destructrices\u00a0?<br \/>\n<em>D\u2019abord<\/em>\u00a0<em>le nihilisme<\/em>, qui affirme que la vie n\u2019a pas de sens (donc pas la peine de s\u2019y engager).<br \/>\n<em>Puis<\/em>,\u00a0<em>le relativisme\u00a0<\/em>cons\u00e9quent, qui ne fait que proclamer que la v\u00e9rit\u00e9 n\u2019existe pas (il affirme, plut\u00f4t, que les \u00ab\u00a0v\u00e9rit\u00e9s\u00a0\u00bb sont infinies dans une inflation o\u00f9 tout et son contraire sont toujours de mise).<br \/>\n<em>Et enfin<\/em>,\u00a0<em>le la\u00efcisme<\/em>\u00a0qui fait semblant \u2013 souvent sans le savoir \u2013 d\u2019\u00eatre respectueux de la libert\u00e9 des autres mais qui, en r\u00e9alit\u00e9, exclut qu\u2019elle puisse publiquement vivre dans la soci\u00e9t\u00e9. Seules les solutions r\u00e9ductives \u00e9tatistes y ont droit de s\u2019imposer. Par exemple, ma foi catholique ne peut sortir \u2013 selon cette conception effroyable \u2013 de mon intimit\u00e9 et de mes sacristies. Un autre et (ici) dernier exemple est constitu\u00e9e par toutes les lois dites LGBT (Lesbian, Gay, Bisexual, Transgender) qui sont en train d\u2019attaquer au niveau international notre civilisation.<br \/>\nJamais un syst\u00e8me de totalitarisme si virulent ne s\u2019\u00e9tait pr\u00e9sent\u00e9 op\u00e9rationnellement dans l\u2019histoire occidentale.<br \/>\nDans mon histoire.<\/p>\n<p>F.T.<\/p>\n","protected":false},"excerpt":{"rendered":"<p>Contre le conformisme arrogant de notre \u00e8re \u00c0 septante ans, j\u2019ouvre mon blog. J\u2019avais attendu mes cinquante balais pour publier mon premier livre\u00a0: avant, j\u2019ai toujours consid\u00e9r\u00e9 qu\u2019on ne pouvait \u00e9crire \u2013 \u00e0 d\u00e9faut de g\u00e9nie \u2013 que des banalit\u00e9s fatalement conformistes et arrogantes. Le relativisme et le nihilisme de notre \u00e9poque, dans lesquels malheureusement [&hellip;]<\/p>\n","protected":false},"author":5,"featured_media":0,"parent":0,"menu_order":0,"comment_status":"closed","ping_status":"closed","template":"","meta":{"footnotes":""},"class_list":["post-1547","page","type-page","status-publish","hentry"],"post_mailing_queue_ids":[],"_links":{"self":[{"href":"http:\/\/www.francamente2.com\/index.php?rest_route=\/wp\/v2\/pages\/1547","targetHints":{"allow":["GET"]}}],"collection":[{"href":"http:\/\/www.francamente2.com\/index.php?rest_route=\/wp\/v2\/pages"}],"about":[{"href":"http:\/\/www.francamente2.com\/index.php?rest_route=\/wp\/v2\/types\/page"}],"author":[{"embeddable":true,"href":"http:\/\/www.francamente2.com\/index.php?rest_route=\/wp\/v2\/users\/5"}],"replies":[{"embeddable":true,"href":"http:\/\/www.francamente2.com\/index.php?rest_route=%2Fwp%2Fv2%2Fcomments&post=1547"}],"version-history":[{"count":2,"href":"http:\/\/www.francamente2.com\/index.php?rest_route=\/wp\/v2\/pages\/1547\/revisions"}],"predecessor-version":[{"id":3217,"href":"http:\/\/www.francamente2.com\/index.php?rest_route=\/wp\/v2\/pages\/1547\/revisions\/3217"}],"wp:attachment":[{"href":"http:\/\/www.francamente2.com\/index.php?rest_route=%2Fwp%2Fv2%2Fmedia&parent=1547"}],"curies":[{"name":"wp","href":"https:\/\/api.w.org\/{rel}","templated":true}]}}